{"id":7,"date":"2025-06-11T13:00:14","date_gmt":"2025-06-11T13:00:14","guid":{"rendered":"https:\/\/www.beckvonburg.ch\/?page_id=7"},"modified":"2025-06-11T13:22:20","modified_gmt":"2025-06-11T13:22:20","slug":"beck-von-burg","status":"publish","type":"page","link":"https:\/\/www.beckvonburg.ch\/","title":{"rendered":"Beck von Burg"},"content":{"rendered":"\n<div class=\"wp-block-group alignfull has-global-padding is-layout-constrained wp-block-group-is-layout-constrained\">\n<div class=\"wp-block-cover alignfull is-light\" style=\"margin-top:0;min-height:40vw;aspect-ratio:unset;\"><img loading=\"lazy\" decoding=\"async\" width=\"1024\" height=\"549\" class=\"wp-block-cover__image-background wp-image-8 size-large\" alt=\"\" src=\"https:\/\/www.beckvonburg.ch\/wp-content\/uploads\/2025\/06\/vonburg_1192_bearb-1024x549.jpg\" data-object-fit=\"cover\" srcset=\"https:\/\/www.beckvonburg.ch\/wp-content\/uploads\/2025\/06\/vonburg_1192_bearb-1024x549.jpg 1024w, https:\/\/www.beckvonburg.ch\/wp-content\/uploads\/2025\/06\/vonburg_1192_bearb-300x161.jpg 300w, https:\/\/www.beckvonburg.ch\/wp-content\/uploads\/2025\/06\/vonburg_1192_bearb-768x412.jpg 768w, https:\/\/www.beckvonburg.ch\/wp-content\/uploads\/2025\/06\/vonburg_1192_bearb.jpg 1200w\" sizes=\"auto, (max-width: 1024px) 100vw, 1024px\" \/><span aria-hidden=\"true\" class=\"wp-block-cover__background has-black-background-color has-background-dim-0 has-background-dim\"><\/span><div class=\"wp-block-cover__inner-container is-layout-flow wp-block-cover-is-layout-flow\">\n<div style=\"height:50px\" aria-hidden=\"true\" class=\"wp-block-spacer\"><\/div>\n<\/div><\/div>\n<\/div>\n\n\n\n<p><strong>Liebe KundInnen<\/strong><\/p>\n\n\n\n<p class=\"is-style-default\">Wir von Beck von Burg sind seit jeher \u00fcberzeugt, dass gutes und gesundes Brot mit Charakter nur durch die Auswahl bester Zutaten und in ehrlicher Handarbeit entsteht. Deshalb backen wir unser Brot nach traditionellen Rezepten. Unseren Brotteigen, die zu 100% mit nat\u00fcrlichen Zutaten aus Schweizer Landwirtschaft zubereitet werden, g\u00f6nnen wir bis zu 36 Stunden Ruhe, bevor sie von B\u00e4ckerInnenhand geknetet, geformt und in unserem guten alten Ofen knusprig gebacken werden. Chemische Zus\u00e4tze haben in unseren Broten nichts verloren. Aus Prinzip.<\/p>\n\n\n\n<p>Der Mensch lebt nun aber nicht vom Brot allein. Deshalb gibt es bei Beck von Burg neben einer grossen Brotfamilie auch leckere Snacks, eine grosse Auswahl an frischen Salaten, feinstes Geb\u00e4ck und Patisserie &#8211; Genuss pur!<\/p>\n\n\n\n<p>Kommen Sie vorbei. Wir freuen uns auf Ihren Besuch!<\/p>\n\n\n\n<p><a href=\"tel:0449104275\">044 910 42 75<\/a><\/p>\n\n\n\n<hr class=\"wp-block-separator has-alpha-channel-opacity\" style=\"margin-top:var(--wp--preset--spacing--40);margin-bottom:var(--wp--preset--spacing--40)\"\/>\n\n\n\n<div class=\"wp-block-columns is-layout-flex wp-container-core-columns-is-layout-28f84493 wp-block-columns-is-layout-flex\">\n<div class=\"wp-block-column is-layout-flow wp-block-column-is-layout-flow\">\n<p><strong>Kontakt K\u00fcsnacht<\/strong><\/p>\n\n\n\n<p>Beck von Burg<br>Allmendstrasse 4<br>8700 K\u00fcsnacht<br><br>044 910 42 75<br><br>f\u00fcr Bestellungen:&nbsp;<br><a href=\"mailto:kuesnacht@beckvonburg.ch\">kuesnacht@beckvonburg.ch<\/a><\/p>\n\n\n\n<p>f\u00fcr alles andere:&nbsp;<br><a href=\"mailto:wirvon@beckvonburg.ch\">wirvon@beckvonburg.ch<\/a><br><br>\u00d6ffnungszeiten<\/p>\n\n\n\n<p>Montag bis Freitag: 06.30 bis 18.30 Uhr<br>Samstag: 06.30 bis 16.00 Uhr<br>Sonntag geschlossen<\/p>\n<\/div>\n\n\n\n<div class=\"wp-block-column is-layout-flow wp-block-column-is-layout-flow\">\n<p><strong>Kontakt Zollikerberg<\/strong><\/p>\n\n\n\n<p>Beck von Burg<br>Forchstrasse 170<br>8125 Zollikerberg<br><br>044 548 98 22<br><br>f\u00fcr Bestellungen:<br><a href=\"mailto:zollikerberg@beckvonburg.ch\">zollikerberg@beckvonburg.ch<\/a><br><\/p>\n\n\n\n<p>\u00d6ffnungszeiten<\/p>\n\n\n\n<p>Montag bis Freitag: 06.00 bis 18.30 Uhr<br>Samstag: 07.00 bis 15.00 Uhr<br>Sonntag geschlossen<\/p>\n<\/div>\n<\/div>\n","protected":false},"excerpt":{"rendered":"<p>Liebe KundInnen Wir von Beck von Burg sind seit jeher \u00fcberzeugt, dass gutes und gesundes Brot mit Charakter nur durch die Auswahl bester Zutaten und in ehrlicher Handarbeit entsteht. Deshalb backen wir unser Brot nach traditionellen Rezepten. Unseren Brotteigen, die zu 100% mit nat\u00fcrlichen Zutaten aus Schweizer Landwirtschaft zubereitet werden, g\u00f6nnen wir bis zu 36 [&hellip;]<\/p>\n","protected":false},"author":1,"featured_media":0,"parent":0,"menu_order":0,"comment_status":"closed","ping_status":"closed","template":"","meta":{"footnotes":""},"class_list":["post-7","page","type-page","status-publish","hentry"],"_links":{"self":[{"href":"https:\/\/www.beckvonburg.ch\/index.php\/wp-json\/wp\/v2\/pages\/7","targetHints":{"allow":["GET"]}}],"collection":[{"href":"https:\/\/www.beckvonburg.ch\/index.php\/wp-json\/wp\/v2\/pages"}],"about":[{"href":"https:\/\/www.beckvonburg.ch\/index.php\/wp-json\/wp\/v2\/types\/page"}],"author":[{"embeddable":true,"href":"https:\/\/www.beckvonburg.ch\/index.php\/wp-json\/wp\/v2\/users\/1"}],"replies":[{"embeddable":true,"href":"https:\/\/www.beckvonburg.ch\/index.php\/wp-json\/wp\/v2\/comments?post=7"}],"version-history":[{"count":4,"href":"https:\/\/www.beckvonburg.ch\/index.php\/wp-json\/wp\/v2\/pages\/7\/revisions"}],"predecessor-version":[{"id":21,"href":"https:\/\/www.beckvonburg.ch\/index.php\/wp-json\/wp\/v2\/pages\/7\/revisions\/21"}],"wp:attachment":[{"href":"https:\/\/www.beckvonburg.ch\/index.php\/wp-json\/wp\/v2\/media?parent=7"}],"curies":[{"name":"wp","href":"https:\/\/api.w.org\/{rel}","templated":true}]}}